{"id":4446,"date":"2023-05-25T12:41:33","date_gmt":"2023-05-25T12:41:33","guid":{"rendered":"https:\/\/www.scandinavianshipping.se\/?page_id=4446"},"modified":"2023-06-07T06:07:12","modified_gmt":"2023-06-07T06:07:12","slug":"terms-conditions","status":"publish","type":"page","link":"https:\/\/www.scandinavianshipping.se\/en\/terms-conditions\/","title":{"rendered":"Terms &#038; Conditions"},"content":{"rendered":"\n<style type=\"text\/css\" data-created_by=\"avia_inline_auto\" id=\"style-css-av-7t6ob-f81109cdcbb4deaec87d2e291d524f25\">\n.avia-section.av-7t6ob-f81109cdcbb4deaec87d2e291d524f25{\nbackground-repeat:no-repeat;\nbackground-image:url(https:\/\/www.scandinavianshipping.se\/wp-content\/uploads\/2023\/04\/Air-ballons.jpg);\nbackground-position:50% 50%;\nbackground-attachment:scroll;\n}\n.avia-section.av-7t6ob-f81109cdcbb4deaec87d2e291d524f25 .av-section-color-overlay{\nopacity:0.7;\nbackground-color:#ffffff;\n}\n<\/style>\n<div id='av_section_1'  class='avia-section av-7t6ob-f81109cdcbb4deaec87d2e291d524f25 main_color avia-section-default avia-no-border-styling  avia-builder-el-0  el_before_av_section  avia-builder-el-first  full-banner avia-full-stretch avia-bg-style-scroll av-section-color-overlay-active av-minimum-height av-minimum-height-50 av-height-percent  container_wrap fullsize'  data-section-bg-repeat='stretch' data-av_minimum_height_pc='50' data-av_min_height_opt='percent'><div class=\"av-section-color-overlay-wrap\"><div class=\"av-section-color-overlay\"><\/div><div class='container av-section-cont-open' ><main  role=\"main\" itemprop=\"mainContentOfPage\"  class='template-page content  av-content-full alpha units'><div class='post-entry post-entry-type-page post-entry-4446'><div class='entry-content-wrapper clearfix'>\n<div  class='flex_column av-1xyqdf-9bb3168be48dcc62e7482d787ec125fd av_one_full  avia-builder-el-1  avia-builder-el-no-sibling  first flex_column_div  '     ><style type=\"text\/css\" data-created_by=\"avia_inline_auto\" id=\"style-css-av-lh1v4ans-002be61f4e12370117448ca0a3da8a2c\">\n#top .av-special-heading.av-lh1v4ans-002be61f4e12370117448ca0a3da8a2c{\npadding-bottom:10px;\n}\nbody .av-special-heading.av-lh1v4ans-002be61f4e12370117448ca0a3da8a2c .av-special-heading-tag .heading-char{\nfont-size:25px;\n}\n.av-special-heading.av-lh1v4ans-002be61f4e12370117448ca0a3da8a2c .av-subheading{\nfont-size:15px;\n}\n<\/style>\n<div  class='av-special-heading av-lh1v4ans-002be61f4e12370117448ca0a3da8a2c av-special-heading-h1 custom-color-heading blockquote modern-quote  avia-builder-el-2  avia-builder-el-no-sibling '><h1 class='av-special-heading-tag '  itemprop=\"headline\"  >Terms <span class='special_amp'>&amp;<\/span> Conditions<\/h1><div class=\"special-heading-border\"><div class=\"special-heading-inner-border\"><\/div><\/div><\/div><\/div><\/div><\/div><\/main><!-- close content main element --><\/div><\/div><\/div><div id='av_section_2'  class='avia-section av-43u8ma-5d5ec53b5d0184e3258d2b48d1f97bd7 main_color avia-section-default avia-no-border-styling  avia-builder-el-3  el_after_av_section  avia-builder-el-last  avia-bg-style-scroll container_wrap fullsize'  ><div class='container av-section-cont-open' ><div class='template-page content  av-content-full alpha units'><div class='post-entry post-entry-type-page post-entry-4446'><div class='entry-content-wrapper clearfix'>\n<div  class='flex_column av-2u3i7m-bc94ea4b5b7e21629441108eecaa4a6e av_one_full  avia-builder-el-4  avia-builder-el-no-sibling  first flex_column_div  '     ><section  class='av_textblock_section av-li33gfqh-bbeedf4af3fcf2ab0b6e48888970c704 '   itemscope=\"itemscope\" itemtype=\"https:\/\/schema.org\/CreativeWork\" ><div class='avia_textblock'  itemprop=\"text\" ><p>All assignments are performed in accordance with the General Conditions of the Nordic Association of Freight Forwarders (NSAB 2000) with the exception from time guarantee as referred to in \u00a76 second section and \u00a720B as well as the exemption from insurance obligation as stipulated in \u00a727 C.3.<\/p>\n<\/div><\/section><\/div>\n<\/p>\n","protected":false},"excerpt":{"rendered":"","protected":false},"author":2,"featured_media":0,"parent":0,"menu_order":0,"comment_status":"closed","ping_status":"closed","template":"","meta":{"_acf_changed":false,"footnotes":""},"class_list":["post-4446","page","type-page","status-publish","hentry"],"acf":[],"yoast_head":"<!-- This site is optimized with the Yoast SEO plugin v27.3 - https:\/\/yoast.com\/product\/yoast-seo-wordpress\/ -->\n<title>Terms &amp; Conditions - Scandinavian Shipping<\/title>\n<meta name=\"description\" content=\"L\u00e4s villkor f\u00f6r transparenta och p\u00e5litliga transporttj\u00e4nster f\u00f6r din trygghet och f\u00f6rst\u00e5else - Scandinavian Shipping AB.\" \/>\n<meta name=\"robots\" content=\"index, follow, max-snippet:-1, max-image-preview:large, max-video-preview:-1\" \/>\n<link rel=\"canonical\" href=\"https:\/\/www.scandinavianshipping.se\/en\/terms-conditions\/\" \/>\n<meta property=\"og:locale\" content=\"en_US\" \/>\n<meta property=\"og:type\" content=\"article\" \/>\n<meta property=\"og:title\" content=\"Terms &amp; Conditions - Scandinavian Shipping\" \/>\n<meta property=\"og:description\" content=\"L\u00e4s villkor f\u00f6r transparenta och p\u00e5litliga transporttj\u00e4nster f\u00f6r din trygghet och f\u00f6rst\u00e5else - Scandinavian Shipping AB.\" \/>\n<meta property=\"og:url\" content=\"https:\/\/www.scandinavianshipping.se\/en\/terms-conditions\/\" \/>\n<meta property=\"og:site_name\" content=\"Scandinavian Shipping\" \/>\n<meta property=\"article:modified_time\" content=\"2023-06-07T06:07:12+00:00\" \/>\n<meta name=\"twitter:card\" content=\"summary_large_image\" \/>\n<meta name=\"twitter:label1\" content=\"Est. reading time\" \/>\n\t<meta name=\"twitter:data1\" content=\"3 minutes\" \/>\n<script type=\"application\/ld+json\" class=\"yoast-schema-graph\">{\"@context\":\"https:\\\/\\\/schema.org\",\"@graph\":[{\"@type\":\"WebPage\",\"@id\":\"https:\\\/\\\/www.scandinavianshipping.se\\\/en\\\/terms-conditions\\\/\",\"url\":\"https:\\\/\\\/www.scandinavianshipping.se\\\/en\\\/terms-conditions\\\/\",\"name\":\"Terms & Conditions - Scandinavian Shipping\",\"isPartOf\":{\"@id\":\"https:\\\/\\\/www.scandinavianshipping.se\\\/en\\\/#website\"},\"datePublished\":\"2023-05-25T12:41:33+00:00\",\"dateModified\":\"2023-06-07T06:07:12+00:00\",\"description\":\"L\u00e4s villkor f\u00f6r transparenta och p\u00e5litliga transporttj\u00e4nster f\u00f6r din trygghet och f\u00f6rst\u00e5else - Scandinavian Shipping AB.\",\"breadcrumb\":{\"@id\":\"https:\\\/\\\/www.scandinavianshipping.se\\\/en\\\/terms-conditions\\\/#breadcrumb\"},\"inLanguage\":\"en-US\",\"potentialAction\":[{\"@type\":\"ReadAction\",\"target\":[\"https:\\\/\\\/www.scandinavianshipping.se\\\/en\\\/terms-conditions\\\/\"]}]},{\"@type\":\"BreadcrumbList\",\"@id\":\"https:\\\/\\\/www.scandinavianshipping.se\\\/en\\\/terms-conditions\\\/#breadcrumb\",\"itemListElement\":[{\"@type\":\"ListItem\",\"position\":1,\"name\":\"Home\",\"item\":\"https:\\\/\\\/www.scandinavianshipping.se\\\/en\\\/home\\\/\"},{\"@type\":\"ListItem\",\"position\":2,\"name\":\"Terms &#038; Conditions\"}]},{\"@type\":\"WebSite\",\"@id\":\"https:\\\/\\\/www.scandinavianshipping.se\\\/en\\\/#website\",\"url\":\"https:\\\/\\\/www.scandinavianshipping.se\\\/en\\\/\",\"name\":\"Scandinavian Shipping\",\"description\":\"\",\"publisher\":{\"@id\":\"https:\\\/\\\/www.scandinavianshipping.se\\\/en\\\/#organization\"},\"potentialAction\":[{\"@type\":\"SearchAction\",\"target\":{\"@type\":\"EntryPoint\",\"urlTemplate\":\"https:\\\/\\\/www.scandinavianshipping.se\\\/en\\\/?s={search_term_string}\"},\"query-input\":{\"@type\":\"PropertyValueSpecification\",\"valueRequired\":true,\"valueName\":\"search_term_string\"}}],\"inLanguage\":\"en-US\"},{\"@type\":\"Organization\",\"@id\":\"https:\\\/\\\/www.scandinavianshipping.se\\\/en\\\/#organization\",\"name\":\"Scandinavian Shipping\",\"url\":\"https:\\\/\\\/www.scandinavianshipping.se\\\/en\\\/\",\"logo\":{\"@type\":\"ImageObject\",\"inLanguage\":\"en-US\",\"@id\":\"https:\\\/\\\/www.scandinavianshipping.se\\\/en\\\/#\\\/schema\\\/logo\\\/image\\\/\",\"url\":\"https:\\\/\\\/www.scandinavianshipping.se\\\/wp-content\\\/uploads\\\/2023\\\/03\\\/logo-ssl.jpg\",\"contentUrl\":\"https:\\\/\\\/www.scandinavianshipping.se\\\/wp-content\\\/uploads\\\/2023\\\/03\\\/logo-ssl.jpg\",\"width\":388,\"height\":80,\"caption\":\"Scandinavian Shipping\"},\"image\":{\"@id\":\"https:\\\/\\\/www.scandinavianshipping.se\\\/en\\\/#\\\/schema\\\/logo\\\/image\\\/\"}}]}<\/script>\n<!-- \/ Yoast SEO plugin. -->","yoast_head_json":{"title":"Terms & Conditions - Scandinavian Shipping","description":"L\u00e4s villkor f\u00f6r transparenta och p\u00e5litliga transporttj\u00e4nster f\u00f6r din trygghet och f\u00f6rst\u00e5else - Scandinavian Shipping AB.","robots":{"index":"index","follow":"follow","max-snippet":"max-snippet:-1","max-image-preview":"max-image-preview:large","max-video-preview":"max-video-preview:-1"},"canonical":"https:\/\/www.scandinavianshipping.se\/en\/terms-conditions\/","og_locale":"en_US","og_type":"article","og_title":"Terms & Conditions - Scandinavian Shipping","og_description":"L\u00e4s villkor f\u00f6r transparenta och p\u00e5litliga transporttj\u00e4nster f\u00f6r din trygghet och f\u00f6rst\u00e5else - Scandinavian Shipping AB.","og_url":"https:\/\/www.scandinavianshipping.se\/en\/terms-conditions\/","og_site_name":"Scandinavian Shipping","article_modified_time":"2023-06-07T06:07:12+00:00","twitter_card":"summary_large_image","twitter_misc":{"Est. reading time":"3 minutes"},"schema":{"@context":"https:\/\/schema.org","@graph":[{"@type":"WebPage","@id":"https:\/\/www.scandinavianshipping.se\/en\/terms-conditions\/","url":"https:\/\/www.scandinavianshipping.se\/en\/terms-conditions\/","name":"Terms & Conditions - Scandinavian Shipping","isPartOf":{"@id":"https:\/\/www.scandinavianshipping.se\/en\/#website"},"datePublished":"2023-05-25T12:41:33+00:00","dateModified":"2023-06-07T06:07:12+00:00","description":"L\u00e4s villkor f\u00f6r transparenta och p\u00e5litliga transporttj\u00e4nster f\u00f6r din trygghet och f\u00f6rst\u00e5else - Scandinavian Shipping AB.","breadcrumb":{"@id":"https:\/\/www.scandinavianshipping.se\/en\/terms-conditions\/#breadcrumb"},"inLanguage":"en-US","potentialAction":[{"@type":"ReadAction","target":["https:\/\/www.scandinavianshipping.se\/en\/terms-conditions\/"]}]},{"@type":"BreadcrumbList","@id":"https:\/\/www.scandinavianshipping.se\/en\/terms-conditions\/#breadcrumb","itemListElement":[{"@type":"ListItem","position":1,"name":"Home","item":"https:\/\/www.scandinavianshipping.se\/en\/home\/"},{"@type":"ListItem","position":2,"name":"Terms &#038; Conditions"}]},{"@type":"WebSite","@id":"https:\/\/www.scandinavianshipping.se\/en\/#website","url":"https:\/\/www.scandinavianshipping.se\/en\/","name":"Scandinavian Shipping","description":"","publisher":{"@id":"https:\/\/www.scandinavianshipping.se\/en\/#organization"},"potentialAction":[{"@type":"SearchAction","target":{"@type":"EntryPoint","urlTemplate":"https:\/\/www.scandinavianshipping.se\/en\/?s={search_term_string}"},"query-input":{"@type":"PropertyValueSpecification","valueRequired":true,"valueName":"search_term_string"}}],"inLanguage":"en-US"},{"@type":"Organization","@id":"https:\/\/www.scandinavianshipping.se\/en\/#organization","name":"Scandinavian Shipping","url":"https:\/\/www.scandinavianshipping.se\/en\/","logo":{"@type":"ImageObject","inLanguage":"en-US","@id":"https:\/\/www.scandinavianshipping.se\/en\/#\/schema\/logo\/image\/","url":"https:\/\/www.scandinavianshipping.se\/wp-content\/uploads\/2023\/03\/logo-ssl.jpg","contentUrl":"https:\/\/www.scandinavianshipping.se\/wp-content\/uploads\/2023\/03\/logo-ssl.jpg","width":388,"height":80,"caption":"Scandinavian Shipping"},"image":{"@id":"https:\/\/www.scandinavianshipping.se\/en\/#\/schema\/logo\/image\/"}}]}},"_links":{"self":[{"href":"https:\/\/www.scandinavianshipping.se\/en\/wp-json\/wp\/v2\/pages\/4446","targetHints":{"allow":["GET"]}}],"collection":[{"href":"https:\/\/www.scandinavianshipping.se\/en\/wp-json\/wp\/v2\/pages"}],"about":[{"href":"https:\/\/www.scandinavianshipping.se\/en\/wp-json\/wp\/v2\/types\/page"}],"author":[{"embeddable":true,"href":"https:\/\/www.scandinavianshipping.se\/en\/wp-json\/wp\/v2\/users\/2"}],"replies":[{"embeddable":true,"href":"https:\/\/www.scandinavianshipping.se\/en\/wp-json\/wp\/v2\/comments?post=4446"}],"version-history":[{"count":0,"href":"https:\/\/www.scandinavianshipping.se\/en\/wp-json\/wp\/v2\/pages\/4446\/revisions"}],"wp:attachment":[{"href":"https:\/\/www.scandinavianshipping.se\/en\/wp-json\/wp\/v2\/media?parent=4446"}],"curies":[{"name":"wp","href":"https:\/\/api.w.org\/{rel}","templated":true}]}}