{"id":3358,"date":"2023-05-24T05:35:19","date_gmt":"2023-05-24T05:35:19","guid":{"rendered":"https:\/\/www.scandinavianshipping.se\/?page_id=3358"},"modified":"2023-06-02T08:20:09","modified_gmt":"2023-06-02T08:20:09","slug":"sea-air-transport-locations","status":"publish","type":"page","link":"https:\/\/www.scandinavianshipping.se\/en\/sea-air-transport-locations\/","title":{"rendered":"Sea &#038; Air Transport Locations"},"content":{"rendered":"\n<style type=\"text\/css\" data-created_by=\"avia_inline_auto\" id=\"style-css-av-4wgwoz-1200a15e3d2a9cdd000861391db6351f\">\n.avia-section.av-4wgwoz-1200a15e3d2a9cdd000861391db6351f{\nbackground-repeat:no-repeat;\nbackground-image:url(https:\/\/www.scandinavianshipping.se\/wp-content\/uploads\/2023\/05\/Hero-banner-2-4.jpg);\nbackground-position:50% 50%;\nbackground-attachment:scroll;\n}\n.avia-section.av-4wgwoz-1200a15e3d2a9cdd000861391db6351f .av-section-color-overlay{\nopacity:0.7;\nbackground-color:#ffffff;\n}\n<\/style>\n<div id='av_section_1'  class='avia-section av-4wgwoz-1200a15e3d2a9cdd000861391db6351f main_color avia-section-default avia-no-border-styling  avia-builder-el-0  el_before_av_section  avia-builder-el-first  full-banner avia-full-stretch avia-bg-style-scroll av-section-color-overlay-active av-minimum-height av-minimum-height-50 av-height-percent  container_wrap fullsize'  data-section-bg-repeat='stretch' data-av_minimum_height_pc='50' data-av_min_height_opt='percent'><div class=\"av-section-color-overlay-wrap\"><div class=\"av-section-color-overlay\"><\/div><div class='container av-section-cont-open' ><main  role=\"main\" itemprop=\"mainContentOfPage\"  class='template-page content  av-content-full alpha units'><div class='post-entry post-entry-type-page post-entry-3358'><div class='entry-content-wrapper clearfix'>\n<div  class='flex_column av-1zi6qr-a0f72277b1c553e3dbfd0d40291cc401 av_three_fourth  avia-builder-el-1  el_before_av_one_fourth  avia-builder-el-first  first flex_column_div  '     ><style type=\"text\/css\" data-created_by=\"avia_inline_auto\" id=\"style-css-av-lhj3ojvq-fde7138aab5ae2728e26bdb3cea627f9\">\n#top .av-special-heading.av-lhj3ojvq-fde7138aab5ae2728e26bdb3cea627f9{\npadding-bottom:10px;\n}\nbody .av-special-heading.av-lhj3ojvq-fde7138aab5ae2728e26bdb3cea627f9 .av-special-heading-tag .heading-char{\nfont-size:25px;\n}\n.av-special-heading.av-lhj3ojvq-fde7138aab5ae2728e26bdb3cea627f9 .av-subheading{\nfont-size:15px;\n}\n<\/style>\n<div  class='av-special-heading av-lhj3ojvq-fde7138aab5ae2728e26bdb3cea627f9 av-special-heading-h1 custom-color-heading blockquote modern-quote  avia-builder-el-2  avia-builder-el-no-sibling '><h1 class='av-special-heading-tag '  itemprop=\"headline\"  > Sea <span class='special_amp'>&amp;<\/span> Air Transport Locations<\/h1><div class=\"special-heading-border\"><div class=\"special-heading-inner-border\"><\/div><\/div><\/div><\/div><div  class='flex_column av-2z74gj-26afde0f73873dca111d449b972cb7bb av_one_fourth  avia-builder-el-3  el_after_av_three_fourth  avia-builder-el-last  flex_column_div  '     ><\/div>\n\n<\/div><\/div><\/main><!-- close content main element --><\/div><\/div><\/div>\n<style type=\"text\/css\" data-created_by=\"avia_inline_auto\" id=\"style-css-av-lhj42fdn-b081b22526c2e75044a1f9cc374212cf\">\n.avia-section.av-lhj42fdn-b081b22526c2e75044a1f9cc374212cf{\nbackground-color:#f5fbfe;\nbackground-image:unset;\n}\n<\/style>\n<div id='scroll-down'  class='avia-section av-lhj42fdn-b081b22526c2e75044a1f9cc374212cf main_color avia-section-huge avia-no-border-styling  avia-builder-el-4  el_after_av_section  el_before_av_layout_row  locations-wrap avia-bg-style-scroll container_wrap fullsize'  ><div class='container av-section-cont-open' ><div class='template-page content  av-content-full alpha units'><div class='post-entry post-entry-type-page post-entry-3358'><div class='entry-content-wrapper clearfix'>\n<div class='flex_column_table av-lhj41vgs-67caaa26cd689b36355c86b224bcda9d sc-av_one_third av-equal-height-column-flextable'>\n<style type=\"text\/css\" data-created_by=\"avia_inline_auto\" id=\"style-css-av-lhj41vgs-67caaa26cd689b36355c86b224bcda9d\">\n#top .flex_column_table.av-equal-height-column-flextable.av-lhj41vgs-67caaa26cd689b36355c86b224bcda9d{\nmargin-top:0px;\nmargin-bottom:70px;\n}\n.flex_column.av-lhj41vgs-67caaa26cd689b36355c86b224bcda9d{\nwidth:29.333333333333%;\nmargin-left:0;\nborder-radius:8px 8px 8px 8px;\nheight:230px;\n}\n#top .flex_column_table.av-equal-height-column-flextable.av-lhj41vgs-67caaa26cd689b36355c86b224bcda9d .av-flex-placeholder{\nwidth:6%;\n}\n<\/style>\n<div  class='flex_column av-lhj41vgs-67caaa26cd689b36355c86b224bcda9d av_one_third  avia-builder-el-5  el_before_av_one_third  avia-builder-el-first  s-location-card first flex_column_table_cell av-equal-height-column av-align-top avia-full-stretch avia-link-column av-column-link  '    data-link-column-url=\"https:\/\/www.scandinavianshipping.se\/sea-air-freight-asia\/\"   ><a class=\"av-screen-reader-only\" href=https:\/\/www.scandinavianshipping.se\/sea-air-freight-asia\/ >Follow a manual added link<\/a><p>\n<style type=\"text\/css\" data-created_by=\"avia_inline_auto\" id=\"style-css-av-lhj41lk3-8382be37325ea1545822595b59898309\">\n.avia-image-container.av-lhj41lk3-8382be37325ea1545822595b59898309 img.avia_image{\nbox-shadow:none;\n}\n.avia-image-container.av-lhj41lk3-8382be37325ea1545822595b59898309 .av-image-caption-overlay-center{\ncolor:#ffffff;\n}\n<\/style>\n<div  class='avia-image-container av-lhj41lk3-8382be37325ea1545822595b59898309 av-styling- avia-align-center  avia-builder-el-6  el_before_av_heading  avia-builder-el-first '   itemprop=\"image\" itemscope=\"itemscope\" itemtype=\"https:\/\/schema.org\/ImageObject\" ><div class=\"avia-image-container-inner\"><div class=\"avia-image-overlay-wrap\"><img decoding=\"async\" fetchpriority=\"high\" class='wp-image-5656 avia-img-lazy-loading-not-5656 avia_image ' src=\"https:\/\/www.scandinavianshipping.se\/wp-content\/uploads\/2023\/05\/location-15.jpg\" alt='' title='location-15'  height=\"240\" width=\"400\"  itemprop=\"thumbnailUrl\" srcset=\"https:\/\/www.scandinavianshipping.se\/wp-content\/uploads\/2023\/05\/location-15.jpg 400w, https:\/\/www.scandinavianshipping.se\/wp-content\/uploads\/2023\/05\/location-15-300x180.jpg 300w\" sizes=\"(max-width: 400px) 100vw, 400px\" \/><\/div><\/div><\/div><br \/>\n\n<style type=\"text\/css\" data-created_by=\"avia_inline_auto\" id=\"style-css-av-lhj4141w-fc8db692db3cb3b543ca51d91017281c\">\n#top .av-special-heading.av-lhj4141w-fc8db692db3cb3b543ca51d91017281c{\nmargin:20px 0 20px 0;\n}\nbody .av-special-heading.av-lhj4141w-fc8db692db3cb3b543ca51d91017281c .av-special-heading-tag .heading-char{\nfont-size:25px;\n}\n.av-special-heading.av-lhj4141w-fc8db692db3cb3b543ca51d91017281c .av-subheading{\nfont-size:15px;\n}\n<\/style>\n<div  class='av-special-heading av-lhj4141w-fc8db692db3cb3b543ca51d91017281c av-special-heading-h3 custom-color-heading blockquote modern-quote modern-centered  avia-builder-el-7  el_after_av_image  avia-builder-el-last '><h3 class='av-special-heading-tag '  itemprop=\"headline\"  >Asia<\/h3><div class=\"special-heading-border\"><div class=\"special-heading-inner-border\"><\/div><\/div><\/div><\/p><\/div><div class='av-flex-placeholder'><\/div>\n<style type=\"text\/css\" data-created_by=\"avia_inline_auto\" id=\"style-css-av-fi5owj-01a1480e07297a28093828069a82c2e0\">\n#top .flex_column_table.av-equal-height-column-flextable.av-fi5owj-01a1480e07297a28093828069a82c2e0{\nmargin-top:0px;\nmargin-bottom:70px;\n}\n.flex_column.av-fi5owj-01a1480e07297a28093828069a82c2e0{\nwidth:29.333333333333%;\nmargin-left:0;\nborder-radius:8px 8px 8px 8px;\nheight:230px;\n}\n#top .flex_column_table.av-equal-height-column-flextable.av-fi5owj-01a1480e07297a28093828069a82c2e0 .av-flex-placeholder{\nwidth:6%;\n}\n<\/style>\n<div  class='flex_column av-fi5owj-01a1480e07297a28093828069a82c2e0 av_one_third  avia-builder-el-8  el_after_av_one_third  el_before_av_one_third  s-location-card flex_column_table_cell av-equal-height-column av-align-top avia-full-stretch avia-link-column av-column-link  '    data-link-column-url=\"https:\/\/www.scandinavianshipping.se\/sea-air-freight-india\/\"   ><a class=\"av-screen-reader-only\" href=https:\/\/www.scandinavianshipping.se\/sea-air-freight-india\/ >Follow a manual added link<\/a><p>\n<style type=\"text\/css\" data-created_by=\"avia_inline_auto\" id=\"style-css-av-e06bhf-6713f7453bac59c32073d5187120d308\">\n.avia-image-container.av-e06bhf-6713f7453bac59c32073d5187120d308 img.avia_image{\nbox-shadow:none;\n}\n.avia-image-container.av-e06bhf-6713f7453bac59c32073d5187120d308 .av-image-caption-overlay-center{\ncolor:#ffffff;\n}\n<\/style>\n<div  class='avia-image-container av-e06bhf-6713f7453bac59c32073d5187120d308 av-styling- avia-align-center  avia-builder-el-9  el_before_av_heading  avia-builder-el-first '   itemprop=\"image\" itemscope=\"itemscope\" itemtype=\"https:\/\/schema.org\/ImageObject\" ><div class=\"avia-image-container-inner\"><div class=\"avia-image-overlay-wrap\"><img decoding=\"async\" fetchpriority=\"high\" class='wp-image-5654 avia-img-lazy-loading-not-5654 avia_image ' src=\"https:\/\/www.scandinavianshipping.se\/wp-content\/uploads\/2023\/05\/location-14.jpg\" alt='' title='location-14'  height=\"240\" width=\"400\"  itemprop=\"thumbnailUrl\" srcset=\"https:\/\/www.scandinavianshipping.se\/wp-content\/uploads\/2023\/05\/location-14.jpg 400w, https:\/\/www.scandinavianshipping.se\/wp-content\/uploads\/2023\/05\/location-14-300x180.jpg 300w\" sizes=\"(max-width: 400px) 100vw, 400px\" \/><\/div><\/div><\/div><br \/>\n\n<style type=\"text\/css\" data-created_by=\"avia_inline_auto\" id=\"style-css-av-crqybn-67205a3aba79b27c4513778709e8f9e4\">\n#top .av-special-heading.av-crqybn-67205a3aba79b27c4513778709e8f9e4{\nmargin:20px 0 20px 0;\n}\nbody .av-special-heading.av-crqybn-67205a3aba79b27c4513778709e8f9e4 .av-special-heading-tag .heading-char{\nfont-size:25px;\n}\n.av-special-heading.av-crqybn-67205a3aba79b27c4513778709e8f9e4 .av-subheading{\nfont-size:15px;\n}\n<\/style>\n<div  class='av-special-heading av-crqybn-67205a3aba79b27c4513778709e8f9e4 av-special-heading-h3 custom-color-heading blockquote modern-quote modern-centered  avia-builder-el-10  el_after_av_image  avia-builder-el-last '><h3 class='av-special-heading-tag '  itemprop=\"headline\"  >India<\/h3><div class=\"special-heading-border\"><div class=\"special-heading-inner-border\"><\/div><\/div><\/div><\/p><\/div><div class='av-flex-placeholder'><\/div>\n<style type=\"text\/css\" data-created_by=\"avia_inline_auto\" id=\"style-css-av-1uo6wu-1aff6f69c040d6ba5302aed6a5929d80\">\n#top .flex_column_table.av-equal-height-column-flextable.av-1uo6wu-1aff6f69c040d6ba5302aed6a5929d80{\nmargin-top:0px;\nmargin-bottom:70px;\n}\n.flex_column.av-1uo6wu-1aff6f69c040d6ba5302aed6a5929d80{\nwidth:29.333333333333%;\nmargin-left:0;\n}\n#top .flex_column_table.av-equal-height-column-flextable.av-1uo6wu-1aff6f69c040d6ba5302aed6a5929d80 .av-flex-placeholder{\nwidth:6%;\n}\n<\/style>\n<div  class='flex_column av-1uo6wu-1aff6f69c040d6ba5302aed6a5929d80 av_one_third  avia-builder-el-11  el_after_av_one_third  avia-builder-el-last  flex_column_table_cell av-equal-height-column av-align-top  '     ><\/div><\/div><!--close column table wrapper. Autoclose: 1 -->\n\n<\/div><\/div><\/div><!-- close content main div --><\/div><\/div><div id='enquiry'  class='av-layout-grid-container av-lib7ii1d-ccc823ea2fbc63c3391cf3693a845221 entry-content-wrapper main_color av-flex-cells av-break-at-tablet  avia-builder-el-12  el_after_av_section  avia-builder-el-last  grid-sec service-form-wrap grid-row-not-first  container_wrap fullsize'  >\n\n<style type=\"text\/css\" data-created_by=\"avia_inline_auto\" id=\"style-css-av-ut95a-a6b7c0cf9be10775c1f4e1e664a178d0\">\n.flex_cell.av-ut95a-a6b7c0cf9be10775c1f4e1e664a178d0{\nvertical-align:top;\n}\n<\/style>\n<div class='flex_cell av-ut95a-a6b7c0cf9be10775c1f4e1e664a178d0 av-gridrow-cell av_one_half no_margin  avia-builder-el-13  el_before_av_cell_one_half  avia-builder-el-first  service-form form-black content-align-top'  ><div class='flex_cell_inner'><p>\n<style type=\"text\/css\" data-created_by=\"avia_inline_auto\" id=\"style-css-av-7slnzy-5bcc8916fb120a93064f20250945e780\">\n#top .av-special-heading.av-7slnzy-5bcc8916fb120a93064f20250945e780{\npadding-bottom:10px;\n}\nbody .av-special-heading.av-7slnzy-5bcc8916fb120a93064f20250945e780 .av-special-heading-tag .heading-char{\nfont-size:25px;\n}\n.av-special-heading.av-7slnzy-5bcc8916fb120a93064f20250945e780 .av-subheading{\nfont-size:15px;\n}\n<\/style>\n<div  class='av-special-heading av-7slnzy-5bcc8916fb120a93064f20250945e780 av-special-heading-h2 custom-color-heading blockquote modern-quote  avia-builder-el-14  el_before_av_textblock  avia-builder-el-first '><h2 class='av-special-heading-tag '  itemprop=\"headline\"  >Do you need help with your transport?<\/h2><div class=\"special-heading-border\"><div class=\"special-heading-inner-border\"><\/div><\/div><\/div><br \/>\n<section  class='av_textblock_section av-67jp3i-c62c4a8f6f1efb1e4e89502c1394a962 '   itemscope=\"itemscope\" itemtype=\"https:\/\/schema.org\/CreativeWork\" ><div class='avia_textblock p-20 av_inherit_color'  itemprop=\"text\" ><p>Fill out the form and we will be in touch with you shortly.<\/p>\n<\/div><\/section><br \/>\n<\/p>\n<\/div><\/div>\n<style type=\"text\/css\" data-created_by=\"avia_inline_auto\" id=\"style-css-av-2am6hq-e10ee2458f245d89d553af5cae77e07c\">\n.flex_cell.av-2am6hq-e10ee2458f245d89d553af5cae77e07c{\nvertical-align:top;\nbackground:url(https:\/\/www.scandinavianshipping.se\/wp-content\/uploads\/2023\/06\/Sea-Air.jpg) 100% 50% no-repeat scroll ;\n}\n.responsive #top #wrap_all .flex_cell.av-2am6hq-e10ee2458f245d89d553af5cae77e07c{\npadding:0px 0px 0px 0px !important;\n}\n<\/style>\n<div class='flex_cell av-2am6hq-e10ee2458f245d89d553af5cae77e07c av-gridrow-cell av_one_half no_margin  avia-builder-el-17  el_after_av_cell_one_half  avia-builder-el-last  service-form-image content-align-top av-zero-padding'  ><div class='flex_cell_inner'><\/div><\/div><\/div>\n","protected":false},"excerpt":{"rendered":"","protected":false},"author":2,"featured_media":0,"parent":0,"menu_order":0,"comment_status":"closed","ping_status":"closed","template":"","meta":{"_acf_changed":false,"footnotes":""},"class_list":["post-3358","page","type-page","status-publish","hentry"],"acf":[],"yoast_head":"<!-- This site is optimized with the Yoast SEO plugin v27.3 - https:\/\/yoast.com\/product\/yoast-seo-wordpress\/ -->\n<title>Sea &amp; Air Transport Locations - Scandinavian Shipping<\/title>\n<meta name=\"description\" content=\"Effektiva sj\u00f6-lufttransportl\u00f6sningar med global t\u00e4ckning, skr\u00e4ddarsydda f\u00f6r att m\u00f6ta dina leveransbehov - Scandinavian Shipping.\" \/>\n<meta name=\"robots\" content=\"index, follow, max-snippet:-1, max-image-preview:large, max-video-preview:-1\" \/>\n<link rel=\"canonical\" href=\"https:\/\/www.scandinavianshipping.se\/en\/sea-air-transport-locations\/\" \/>\n<meta property=\"og:locale\" content=\"en_US\" \/>\n<meta property=\"og:type\" content=\"article\" \/>\n<meta property=\"og:title\" content=\"Sea &amp; Air Transport Locations - Scandinavian Shipping\" \/>\n<meta property=\"og:description\" content=\"Effektiva sj\u00f6-lufttransportl\u00f6sningar med global t\u00e4ckning, skr\u00e4ddarsydda f\u00f6r att m\u00f6ta dina leveransbehov - Scandinavian Shipping.\" \/>\n<meta property=\"og:url\" content=\"https:\/\/www.scandinavianshipping.se\/en\/sea-air-transport-locations\/\" \/>\n<meta property=\"og:site_name\" content=\"Scandinavian Shipping\" \/>\n<meta property=\"article:modified_time\" content=\"2023-06-02T08:20:09+00:00\" \/>\n<meta name=\"twitter:card\" content=\"summary_large_image\" \/>\n<meta name=\"twitter:label1\" content=\"Est. reading time\" \/>\n\t<meta name=\"twitter:data1\" content=\"6 minutes\" \/>\n<script type=\"application\/ld+json\" class=\"yoast-schema-graph\">{\"@context\":\"https:\\\/\\\/schema.org\",\"@graph\":[{\"@type\":\"WebPage\",\"@id\":\"https:\\\/\\\/www.scandinavianshipping.se\\\/en\\\/sea-air-transport-locations\\\/\",\"url\":\"https:\\\/\\\/www.scandinavianshipping.se\\\/en\\\/sea-air-transport-locations\\\/\",\"name\":\"Sea & Air Transport Locations - Scandinavian Shipping\",\"isPartOf\":{\"@id\":\"https:\\\/\\\/www.scandinavianshipping.se\\\/en\\\/#website\"},\"datePublished\":\"2023-05-24T05:35:19+00:00\",\"dateModified\":\"2023-06-02T08:20:09+00:00\",\"description\":\"Effektiva sj\u00f6-lufttransportl\u00f6sningar med global t\u00e4ckning, skr\u00e4ddarsydda f\u00f6r att m\u00f6ta dina leveransbehov - Scandinavian Shipping.\",\"breadcrumb\":{\"@id\":\"https:\\\/\\\/www.scandinavianshipping.se\\\/en\\\/sea-air-transport-locations\\\/#breadcrumb\"},\"inLanguage\":\"en-US\",\"potentialAction\":[{\"@type\":\"ReadAction\",\"target\":[\"https:\\\/\\\/www.scandinavianshipping.se\\\/en\\\/sea-air-transport-locations\\\/\"]}]},{\"@type\":\"BreadcrumbList\",\"@id\":\"https:\\\/\\\/www.scandinavianshipping.se\\\/en\\\/sea-air-transport-locations\\\/#breadcrumb\",\"itemListElement\":[{\"@type\":\"ListItem\",\"position\":1,\"name\":\"Home\",\"item\":\"https:\\\/\\\/www.scandinavianshipping.se\\\/en\\\/home\\\/\"},{\"@type\":\"ListItem\",\"position\":2,\"name\":\"Sea &#038; Air Transport Locations\"}]},{\"@type\":\"WebSite\",\"@id\":\"https:\\\/\\\/www.scandinavianshipping.se\\\/en\\\/#website\",\"url\":\"https:\\\/\\\/www.scandinavianshipping.se\\\/en\\\/\",\"name\":\"Scandinavian Shipping\",\"description\":\"\",\"publisher\":{\"@id\":\"https:\\\/\\\/www.scandinavianshipping.se\\\/en\\\/#organization\"},\"potentialAction\":[{\"@type\":\"SearchAction\",\"target\":{\"@type\":\"EntryPoint\",\"urlTemplate\":\"https:\\\/\\\/www.scandinavianshipping.se\\\/en\\\/?s={search_term_string}\"},\"query-input\":{\"@type\":\"PropertyValueSpecification\",\"valueRequired\":true,\"valueName\":\"search_term_string\"}}],\"inLanguage\":\"en-US\"},{\"@type\":\"Organization\",\"@id\":\"https:\\\/\\\/www.scandinavianshipping.se\\\/en\\\/#organization\",\"name\":\"Scandinavian Shipping\",\"url\":\"https:\\\/\\\/www.scandinavianshipping.se\\\/en\\\/\",\"logo\":{\"@type\":\"ImageObject\",\"inLanguage\":\"en-US\",\"@id\":\"https:\\\/\\\/www.scandinavianshipping.se\\\/en\\\/#\\\/schema\\\/logo\\\/image\\\/\",\"url\":\"https:\\\/\\\/www.scandinavianshipping.se\\\/wp-content\\\/uploads\\\/2023\\\/03\\\/logo-ssl.jpg\",\"contentUrl\":\"https:\\\/\\\/www.scandinavianshipping.se\\\/wp-content\\\/uploads\\\/2023\\\/03\\\/logo-ssl.jpg\",\"width\":388,\"height\":80,\"caption\":\"Scandinavian Shipping\"},\"image\":{\"@id\":\"https:\\\/\\\/www.scandinavianshipping.se\\\/en\\\/#\\\/schema\\\/logo\\\/image\\\/\"}}]}<\/script>\n<!-- \/ Yoast SEO plugin. -->","yoast_head_json":{"title":"Sea & Air Transport Locations - Scandinavian Shipping","description":"Effektiva sj\u00f6-lufttransportl\u00f6sningar med global t\u00e4ckning, skr\u00e4ddarsydda f\u00f6r att m\u00f6ta dina leveransbehov - Scandinavian Shipping.","robots":{"index":"index","follow":"follow","max-snippet":"max-snippet:-1","max-image-preview":"max-image-preview:large","max-video-preview":"max-video-preview:-1"},"canonical":"https:\/\/www.scandinavianshipping.se\/en\/sea-air-transport-locations\/","og_locale":"en_US","og_type":"article","og_title":"Sea & Air Transport Locations - Scandinavian Shipping","og_description":"Effektiva sj\u00f6-lufttransportl\u00f6sningar med global t\u00e4ckning, skr\u00e4ddarsydda f\u00f6r att m\u00f6ta dina leveransbehov - Scandinavian Shipping.","og_url":"https:\/\/www.scandinavianshipping.se\/en\/sea-air-transport-locations\/","og_site_name":"Scandinavian Shipping","article_modified_time":"2023-06-02T08:20:09+00:00","twitter_card":"summary_large_image","twitter_misc":{"Est. reading time":"6 minutes"},"schema":{"@context":"https:\/\/schema.org","@graph":[{"@type":"WebPage","@id":"https:\/\/www.scandinavianshipping.se\/en\/sea-air-transport-locations\/","url":"https:\/\/www.scandinavianshipping.se\/en\/sea-air-transport-locations\/","name":"Sea & Air Transport Locations - Scandinavian Shipping","isPartOf":{"@id":"https:\/\/www.scandinavianshipping.se\/en\/#website"},"datePublished":"2023-05-24T05:35:19+00:00","dateModified":"2023-06-02T08:20:09+00:00","description":"Effektiva sj\u00f6-lufttransportl\u00f6sningar med global t\u00e4ckning, skr\u00e4ddarsydda f\u00f6r att m\u00f6ta dina leveransbehov - Scandinavian Shipping.","breadcrumb":{"@id":"https:\/\/www.scandinavianshipping.se\/en\/sea-air-transport-locations\/#breadcrumb"},"inLanguage":"en-US","potentialAction":[{"@type":"ReadAction","target":["https:\/\/www.scandinavianshipping.se\/en\/sea-air-transport-locations\/"]}]},{"@type":"BreadcrumbList","@id":"https:\/\/www.scandinavianshipping.se\/en\/sea-air-transport-locations\/#breadcrumb","itemListElement":[{"@type":"ListItem","position":1,"name":"Home","item":"https:\/\/www.scandinavianshipping.se\/en\/home\/"},{"@type":"ListItem","position":2,"name":"Sea &#038; Air Transport Locations"}]},{"@type":"WebSite","@id":"https:\/\/www.scandinavianshipping.se\/en\/#website","url":"https:\/\/www.scandinavianshipping.se\/en\/","name":"Scandinavian Shipping","description":"","publisher":{"@id":"https:\/\/www.scandinavianshipping.se\/en\/#organization"},"potentialAction":[{"@type":"SearchAction","target":{"@type":"EntryPoint","urlTemplate":"https:\/\/www.scandinavianshipping.se\/en\/?s={search_term_string}"},"query-input":{"@type":"PropertyValueSpecification","valueRequired":true,"valueName":"search_term_string"}}],"inLanguage":"en-US"},{"@type":"Organization","@id":"https:\/\/www.scandinavianshipping.se\/en\/#organization","name":"Scandinavian Shipping","url":"https:\/\/www.scandinavianshipping.se\/en\/","logo":{"@type":"ImageObject","inLanguage":"en-US","@id":"https:\/\/www.scandinavianshipping.se\/en\/#\/schema\/logo\/image\/","url":"https:\/\/www.scandinavianshipping.se\/wp-content\/uploads\/2023\/03\/logo-ssl.jpg","contentUrl":"https:\/\/www.scandinavianshipping.se\/wp-content\/uploads\/2023\/03\/logo-ssl.jpg","width":388,"height":80,"caption":"Scandinavian Shipping"},"image":{"@id":"https:\/\/www.scandinavianshipping.se\/en\/#\/schema\/logo\/image\/"}}]}},"_links":{"self":[{"href":"https:\/\/www.scandinavianshipping.se\/en\/wp-json\/wp\/v2\/pages\/3358","targetHints":{"allow":["GET"]}}],"collection":[{"href":"https:\/\/www.scandinavianshipping.se\/en\/wp-json\/wp\/v2\/pages"}],"about":[{"href":"https:\/\/www.scandinavianshipping.se\/en\/wp-json\/wp\/v2\/types\/page"}],"author":[{"embeddable":true,"href":"https:\/\/www.scandinavianshipping.se\/en\/wp-json\/wp\/v2\/users\/2"}],"replies":[{"embeddable":true,"href":"https:\/\/www.scandinavianshipping.se\/en\/wp-json\/wp\/v2\/comments?post=3358"}],"version-history":[{"count":0,"href":"https:\/\/www.scandinavianshipping.se\/en\/wp-json\/wp\/v2\/pages\/3358\/revisions"}],"wp:attachment":[{"href":"https:\/\/www.scandinavianshipping.se\/en\/wp-json\/wp\/v2\/media?parent=3358"}],"curies":[{"name":"wp","href":"https:\/\/api.w.org\/{rel}","templated":true}]}}